{"id":5424,"date":"2024-05-04T10:08:14","date_gmt":"2024-05-04T10:08:14","guid":{"rendered":"https:\/\/ossaburina.edu.ba\/?page_id=5424"},"modified":"2024-05-04T10:08:45","modified_gmt":"2024-05-04T10:08:45","slug":"historijat-skole","status":"publish","type":"page","link":"https:\/\/ossaburina.edu.ba\/en\/historijat-skole\/","title":{"rendered":"Historijat \u0160kole"},"content":{"rendered":"<div class=\"element-size-50\">\n<div class=\"lightbox col-md-12\">HISTORIJAT NA\u0160E \u0160KOLE<\/p>\n<p>\u2022 Osnovna \u0161kola \"Saburina\" je jedna od najstarijih \u0161kola u gradu Sarajevu. Izgra\u0111ena je 1926. godine, a zbog velikog priliva u\u010denika 1960. godine dogra\u0111en je objekat B. Ukupna korisna povr\u0161ina \u0161kolskog prostora je oko 3000 m2, od toga 1397 m2 zatvorenog prostora i 1583 m2 otvorenog prostora.<\/p>\n<p>\u2022 Nastava u O\u0160 \"Saburina\" se odvija u jednoj, centalnoj \u0161koli sa dva objekta, bez podru\u010dnih, kombinovanih, specijalnih odjeljenja i cjelodnevnog boravka. Od 2011. godine \u0161kola nudi usluge produ\u017eenog boravka. U \u0161koli se podu\u010davaju u\u010denici i redovno se prati i vr\u0161i procjena njihovog obrazovnog napretka, kako bi se osiguralo potrebno obrazovanje koje odgovara njihovim potrebama i mogu\u0107nostima.<\/p>\n<p>Kako se zvala do sada na\u0161a \u0161kola ?<\/p>\n<p>Prvo ime \u0161kole je bilo \u201cKRALJEVI\u0106 ANDRIJA\u201d.<\/p>\n<p>\u2022 Sredinom 60-ih godina pro\u0161log stolje\u0107a na\u0161a \u0161kola zvala se \u201c\u0160ESTA OSNOVNA \u0160KOLA\u201d<\/p>\n<p>\u2022 1960. godine zbog pove\u0107anja broja u\u010denika uz postoje\u0107u zgradu dogra\u0111en je novi dio a po prijedlogu op\u0107inskih organa \u0161kola je dobila ime \u201cIVAN CANKAR\u201d<\/p>\n<p>\u2022 Vrijeme prolazi i dolazi do spajanja osnovnih \u0161kola \u201cESAD FERU\u0160I\u0106\u201d I \u201cIVAN CANKAR\u201d i po spajanju \u0161kola se zove \u201cESAD FERU\u0160I\u0106\u201d. Napokon 1993. godine odlukom Op\u0107ine Stari grad Sarajevo \u0161kola dobija ime \u201cSABURINA\u201d<\/p><\/div>\n<\/div>\n<div class=\"element-size-50\">\n<div class=\"image-frame frame-plane  lightbox\">\n<figure><img decoding=\"async\" src=\"http:\/\/eusluge.com\/saburina\/wp-content\/uploads\/2017\/03\/140414121.jpg\" alt=\"\" \/><\/figure>\n<\/div>\n<\/div>","protected":false},"excerpt":{"rendered":"<p>HISTORIJAT NA\u0160E \u0160KOLE \u2022 Osnovna \u0161kola \"Saburina\" je jedna od najstarijih \u0161kola u gradu Sarajevu. Izgra\u0111ena je 1926. godine, a zbog velikog priliva u\u010denika 1960. godine dogra\u0111en je objekat B. Ukupna korisna povr\u0161ina \u0161kolskog prostora je oko 3000 m2, od toga 1397 m2 zatvorenog prostora i 1583 m2 otvorenog prostora. \u2022 Nastava u O\u0160 \"Saburina\" [&hellip;]<\/p>","protected":false},"author":2,"featured_media":0,"parent":0,"menu_order":0,"comment_status":"closed","ping_status":"closed","template":"","meta":{"footnotes":""},"class_list":["post-5424","page","type-page","status-publish","hentry"],"_links":{"self":[{"href":"https:\/\/ossaburina.edu.ba\/en\/wp-json\/wp\/v2\/pages\/5424","targetHints":{"allow":["GET"]}}],"collection":[{"href":"https:\/\/ossaburina.edu.ba\/en\/wp-json\/wp\/v2\/pages"}],"about":[{"href":"https:\/\/ossaburina.edu.ba\/en\/wp-json\/wp\/v2\/types\/page"}],"author":[{"embeddable":true,"href":"https:\/\/ossaburina.edu.ba\/en\/wp-json\/wp\/v2\/users\/2"}],"replies":[{"embeddable":true,"href":"https:\/\/ossaburina.edu.ba\/en\/wp-json\/wp\/v2\/comments?post=5424"}],"version-history":[{"count":2,"href":"https:\/\/ossaburina.edu.ba\/en\/wp-json\/wp\/v2\/pages\/5424\/revisions"}],"predecessor-version":[{"id":5428,"href":"https:\/\/ossaburina.edu.ba\/en\/wp-json\/wp\/v2\/pages\/5424\/revisions\/5428"}],"wp:attachment":[{"href":"https:\/\/ossaburina.edu.ba\/en\/wp-json\/wp\/v2\/media?parent=5424"}],"curies":[{"name":"wp","href":"https:\/\/api.w.org\/{rel}","templated":true}]}}